{"id":46929,"date":"2022-09-07T09:56:09","date_gmt":"2022-09-07T14:56:09","guid":{"rendered":"https:\/\/stimpunks.org\/faltguide\/"},"modified":"2023-04-03T10:08:25","modified_gmt":"2023-04-03T15:08:25","slug":"faltguide","status":"publish","type":"page","link":"https:\/\/stimpunks.org\/sv\/faltguide\/","title":{"rendered":"F\u00e4ltguide"},"content":{"rendered":"\n<figure class=\"wp-block-image size-full\"><img loading=\"lazy\" decoding=\"async\" width=\"1024\" height=\"1024\" src=\"https:\/\/stimpunks.org\/wp-content\/uploads\/2023\/01\/ryanboren_book_of_spells_from_the_discworld_library_ac3e6358-0cdb-41b0-9645-a1cdc5a19c7d.png\" alt=\"En bok med invecklad pr&#xE4;gling och en uggla i 3d-relief med utbredda vingar.\" class=\"wp-image-36688\" srcset=\"https:\/\/stimpunks.org\/wp-content\/uploads\/2023\/01\/ryanboren_book_of_spells_from_the_discworld_library_ac3e6358-0cdb-41b0-9645-a1cdc5a19c7d.png 1024w, https:\/\/stimpunks.org\/wp-content\/uploads\/2023\/01\/ryanboren_book_of_spells_from_the_discworld_library_ac3e6358-0cdb-41b0-9645-a1cdc5a19c7d-300x300.png 300w, https:\/\/stimpunks.org\/wp-content\/uploads\/2023\/01\/ryanboren_book_of_spells_from_the_discworld_library_ac3e6358-0cdb-41b0-9645-a1cdc5a19c7d-150x150.png?crop=1 150w, https:\/\/stimpunks.org\/wp-content\/uploads\/2023\/01\/ryanboren_book_of_spells_from_the_discworld_library_ac3e6358-0cdb-41b0-9645-a1cdc5a19c7d-768x768.png 768w, https:\/\/stimpunks.org\/wp-content\/uploads\/2023\/01\/ryanboren_book_of_spells_from_the_discworld_library_ac3e6358-0cdb-41b0-9645-a1cdc5a19c7d-800x800.png?crop=1 800w, https:\/\/stimpunks.org\/wp-content\/uploads\/2023\/01\/ryanboren_book_of_spells_from_the_discworld_library_ac3e6358-0cdb-41b0-9645-a1cdc5a19c7d-400x400.png?crop=1 400w, https:\/\/stimpunks.org\/wp-content\/uploads\/2023\/01\/ryanboren_book_of_spells_from_the_discworld_library_ac3e6358-0cdb-41b0-9645-a1cdc5a19c7d-200x200.png?crop=1 200w, https:\/\/stimpunks.org\/wp-content\/uploads\/2023\/01\/ryanboren_book_of_spells_from_the_discworld_library_ac3e6358-0cdb-41b0-9645-a1cdc5a19c7d-350x350.png 350w, https:\/\/stimpunks.org\/wp-content\/uploads\/2023\/01\/ryanboren_book_of_spells_from_the_discworld_library_ac3e6358-0cdb-41b0-9645-a1cdc5a19c7d-750x750.png 750w, https:\/\/stimpunks.org\/wp-content\/uploads\/2023\/01\/ryanboren_book_of_spells_from_the_discworld_library_ac3e6358-0cdb-41b0-9645-a1cdc5a19c7d-100x100.png?crop=1 100w\" sizes=\"auto, (max-width: 1024px) 100vw, 1024px\" \/><\/figure>\n<figure class=\"wp-block-pullquote\"><blockquote><p>Stimpunks Field Guide: En b\u00e4rbar kompendium av Coping och samarbete, kortfattat \u00f6verv\u00e4gt, f\u00f6r att p\u00e5 ett h\u00e5llbart s\u00e4tt \u00f6verleva p\u00e5 m\u00e4nsklig skala genom samarbetsbaserat nischbyggande i kanterna.<\/p><\/blockquote><\/figure><div class=\"yoast-breadcrumbs\"><span><span><a href=\"https:\/\/stimpunks.org\/sv\/\">Home<\/a><\/span> \u00bb <span class=\"breadcrumb_last\" aria-current=\"page\">F\u00e4ltguide<\/span><\/span><\/div>\n<p>H\u00e4r finns n\u00e5gra guider till livet p\u00e5 Stimpunks, m\u00e5nga i form av checklistor.<\/p>\n\n<figure class=\"wp-block-embed aligncenter is-type-wp-embed is-provider-stimpunks-foundation wp-block-embed-stimpunks-foundation\"><div class=\"wp-block-embed__wrapper\">\n<blockquote class=\"wp-embedded-content\" data-secret=\"PkOUXL4GsA\"><a href=\"https:\/\/stimpunks.org\/glossary\/checklists\/\">Checklists<\/a><\/blockquote><iframe loading=\"lazy\" class=\"wp-embedded-content\" sandbox=\"allow-scripts\" security=\"restricted\" style=\"position: absolute; clip: rect(1px, 1px, 1px, 1px);\" title=\"&#8220;Checklists&#8221; &#8212; Stimpunks Foundation\" src=\"https:\/\/stimpunks.org\/glossary\/checklists\/embed\/#?secret=QAWphch8C8#?secret=PkOUXL4GsA\" data-secret=\"PkOUXL4GsA\" width=\"500\" height=\"282\" frameborder=\"0\" marginwidth=\"0\" marginheight=\"0\" scrolling=\"no\"><\/iframe>\n<\/div><\/figure>\n\n<h2 class=\"wp-block-heading\" id=\"h-orienting\"><a href=\"https:\/\/stimpunks.org\/fieldguide\/orienting\/\">Orientering av<\/a><\/h2>\n\n<p>Att komma ig\u00e5ng och ta sig runt.<\/p>\n\n<ul class=\"wp-block-list\">\n<li><a href=\"https:\/\/stimpunks.org\/fieldguide\/orienting\/onboarding\/\">V\u00e4lkommen ombord: B\u00f6rja h\u00e4r<\/a><\/li>\n<\/ul>\n\n<h2 class=\"wp-block-heading\" id=\"h-communication\"><a href=\"https:\/\/stimpunks.org\/fieldguide\/communication\/\">Kommunikation<\/a><\/h2>\n\n<p>Kommunikation \u00e4r syre.<\/p>\n\n<ul class=\"wp-block-list\">\n<li><a href=\"https:\/\/stimpunks.org\/fieldguide\/communication\/stack\/\">Stack<\/a><\/li>\n\n\n\n<li><a href=\"https:\/\/stimpunks.org\/fieldguide\/communication\/element-io\/\">Element.io<\/a><\/li>\n\n\n\n<li><a href=\"https:\/\/stimpunks.org\/fieldguide\/communication\/p2\/\">P2<\/a><\/li>\n\n\n\n<li><a href=\"https:\/\/stimpunks.org\/fieldguide\/communication\/markdown\/\">Markdown<\/a><\/li>\n<\/ul>\n\n<h2 class=\"wp-block-heading\" id=\"h-it\"><a href=\"https:\/\/stimpunks.org\/fieldguide\/it\/\">IT<\/a><\/h2>\n\n<p>Den teknik vi anv\u00e4nder och hj\u00e4lp att anv\u00e4nda den.<\/p>\n\n<ul class=\"wp-block-list\">\n<li><a href=\"https:\/\/stimpunks.org\/tech\/\">V\u00e5r teknik<\/a><\/li>\n\n\n\n<li><a href=\"https:\/\/stimpunks.org\/fieldguide\/it\/software\/\">Programvara<\/a><\/li>\n<\/ul>\n\n<h2 class=\"wp-block-heading\" id=\"h-administrative\"><a href=\"https:\/\/stimpunks.org\/fieldguide\/administrative\/\">Administrativ<\/a><\/h2>\n\n<p>Juridiska och administrativa fr\u00e5gor.<\/p>\n\n<ul class=\"wp-block-list\">\n<li><a href=\"https:\/\/stimpunks.org\/fieldguide\/events\/legal\/\">Juridisk<\/a><\/li>\n<\/ul>\n\n<h2 class=\"wp-block-heading\" id=\"h-dei\"><a href=\"https:\/\/stimpunks.org\/fieldguide\/dei\/\">DEI<\/a><\/h2>\n\n<p>Tillh\u00f6r.<\/p>\n\n<ul class=\"wp-block-list\">\n<li><a href=\"https:\/\/stimpunks.org\/fieldguide\/dei\/before-we-begin\/\">Innan vi b\u00f6rjar<\/a><\/li>\n\n\n\n<li><a href=\"https:\/\/stimpunks.org\/fieldguide\/dei\/determining-a-good-autism-organization\/\">Att hitta en bra autismorganisation<\/a><\/li>\n\n\n\n<li><a href=\"https:\/\/stimpunks.org\/fieldguide\/dei\/know-your-rights-these-are-your-rights\/\">K\u00e4nn till dina r\u00e4ttigheter, detta \u00e4r dina r\u00e4ttigheter<\/a><\/li>\n\n\n\n<li><a href=\"https:\/\/stimpunks.org\/fieldguide\/dei\/navigating-autism-acceptance-month-and-autism-myths\/\">Att navigera i Autism Acceptance Month och myter om autism<\/a><\/li>\n<\/ul>\n\n<h2 class=\"wp-block-heading\" id=\"h-coping\"><a href=\"https:\/\/stimpunks.org\/fieldguide\/coping\/\">Hantera<\/a><\/h2>\n\n<p>Hur vi klarar av det.<\/p>\n\n<ul class=\"wp-block-list\">\n<li><a href=\"https:\/\/stimpunks.org\/fieldguide\/coping\/\">Denna Chronic Bodymind: Hur vi klarar oss<\/a><\/li>\n<\/ul>\n\n<h2 class=\"wp-block-heading\" id=\"h-venues\"><a href=\"https:\/\/stimpunks.org\/fieldguide\/venues\/\">Platser<\/a><\/h2>\n\n<p>Tillg\u00e4nglighet till platsen.<\/p>\n\n<ul class=\"wp-block-list\">\n<li><a href=\"https:\/\/stimpunks.org\/fieldguide\/venues\/dripping-springs-tx\/\">Dripping Springs, TX<\/a><\/li>\n\n\n\n<li><a href=\"https:\/\/stimpunks.org\/fieldguide\/venues\/austin-tx\/\">Austin, TX<\/a><\/li>\n<\/ul>\n\n<h2 class=\"wp-block-heading\" id=\"h-events\"><a href=\"https:\/\/stimpunks.org\/fieldguide\/events\/\">Evenemang<\/a><\/h2>\n\n<p>Hur vi genomf\u00f6r evenemang.<\/p>\n\n<ul class=\"wp-block-list\">\n<li><a href=\"https:\/\/stimpunks.org\/fieldguide\/events\/covenant\/\">F\u00f6rbund<\/a><\/li>\n\n\n\n<li><a href=\"https:\/\/stimpunks.org\/fieldguide\/events\/food-water\/\">Livsmedel och vatten<\/a><\/li>\n\n\n\n<li><a href=\"https:\/\/stimpunks.org\/fieldguide\/events\/access\/\">Tillg\u00e5ng<\/a><\/li>\n<\/ul>\n","protected":false},"excerpt":{"rendered":"<p>Stimpunks Field Guide: En b\u00e4rbar kompendium av Coping och samarbete, kortfattat \u00f6verv\u00e4gt, f\u00f6r att p\u00e5 ett h\u00e5llbart s\u00e4tt \u00f6verleva p\u00e5 m\u00e4nsklig skala genom samarbetsbaserat nischbyggande i kanterna. H\u00e4r finns n\u00e5gra guider till livet p\u00e5 Stimpunks, m\u00e5nga i form av checklistor. Orientering av Att komma ig\u00e5ng och ta sig runt. Kommunikation Kommunikation \u00e4r syre. IT Den [&hellip;]<\/p>\n","protected":false},"author":79,"featured_media":101862,"parent":0,"menu_order":0,"comment_status":"closed","ping_status":"closed","template":"","meta":{"give_campaign_id":0,"_coblocks_attr":"","_coblocks_dimensions":"","_coblocks_responsive_height":"","_coblocks_accordion_ie_support":"","_eb_attr":"","_eb_data_table":"","footnotes":""},"class_list":["post-46929","page","type-page","status-publish","has-post-thumbnail","hentry"],"yoast_head":"<!-- This site is optimized with the Yoast SEO Premium plugin v27.5 (Yoast SEO v27.5) - https:\/\/yoast.com\/product\/yoast-seo-premium-wordpress\/ -->\n<title>F\u00e4ltguide - Stimpunks Foundation<\/title>\n<meta name=\"robots\" content=\"index, follow, max-snippet:-1, max-image-preview:large, max-video-preview:-1\" \/>\n<link rel=\"canonical\" href=\"https:\/\/stimpunks.org\/sv\/faltguide\/\" \/>\n<meta property=\"og:locale\" content=\"sv_SE\" \/>\n<meta property=\"og:type\" content=\"article\" \/>\n<meta property=\"og:title\" content=\"F\u00e4ltguide\" \/>\n<meta property=\"og:description\" content=\"Stimpunks Field Guide: En b\u00e4rbar kompendium av Coping och samarbete, kortfattat \u00f6verv\u00e4gt, f\u00f6r att p\u00e5 ett h\u00e5llbart s\u00e4tt \u00f6verleva p\u00e5 m\u00e4nsklig skala genom samarbetsbaserat nischbyggande i kanterna. H\u00e4r finns n\u00e5gra guider till livet p\u00e5 Stimpunks, m\u00e5nga i form av checklistor. Orientering av Att komma ig\u00e5ng och ta sig runt. Kommunikation Kommunikation \u00e4r syre. IT Den [&hellip;]\" \/>\n<meta property=\"og:url\" content=\"https:\/\/stimpunks.org\/sv\/faltguide\/\" \/>\n<meta property=\"og:site_name\" content=\"Stimpunks Foundation\" \/>\n<meta property=\"article:publisher\" content=\"https:\/\/www.facebook.com\/stimpunksorg\" \/>\n<meta property=\"article:modified_time\" content=\"2023-04-03T15:08:25+00:00\" \/>\n<meta property=\"og:image\" content=\"https:\/\/stimpunks.org\/wp-content\/uploads\/2023\/01\/ryanboren_book_of_spells_from_the_discworld_library_ac3e6358-0cdb-41b0-9645-a1cdc5a19c7d.png\" \/>\n<meta name=\"twitter:card\" content=\"summary_large_image\" \/>\n<meta name=\"twitter:site\" content=\"@stimpunks\" \/>\n<meta name=\"twitter:label1\" content=\"Ber\u00e4knad l\u00e4stid\" \/>\n\t<meta name=\"twitter:data1\" content=\"1 minut\" \/>\n<script type=\"application\/ld+json\" class=\"yoast-schema-graph\">{\"@context\":\"https:\\\/\\\/schema.org\",\"@graph\":[{\"@type\":\"WebPage\",\"@id\":\"https:\\\/\\\/stimpunks.org\\\/sv\\\/faltguide\\\/\",\"url\":\"https:\\\/\\\/stimpunks.org\\\/sv\\\/faltguide\\\/\",\"name\":\"F\u00e4ltguide - Stimpunks Foundation\",\"isPartOf\":{\"@id\":\"https:\\\/\\\/stimpunks.org\\\/sv\\\/#website\"},\"primaryImageOfPage\":{\"@id\":\"https:\\\/\\\/stimpunks.org\\\/sv\\\/faltguide\\\/#primaryimage\"},\"image\":{\"@id\":\"https:\\\/\\\/stimpunks.org\\\/sv\\\/faltguide\\\/#primaryimage\"},\"thumbnailUrl\":\"https:\\\/\\\/stimpunks.org\\\/wp-content\\\/uploads\\\/2022\\\/09\\\/cHJpdmF0ZS9sci9pbWFnZXMvd2Vic2l0ZS8yMDIzLTAzL2NsZTE5NjQtLTQwLS05My0tYi1pbWFnZS5qcGc.webp\",\"datePublished\":\"2022-09-07T14:56:09+00:00\",\"dateModified\":\"2023-04-03T15:08:25+00:00\",\"breadcrumb\":{\"@id\":\"https:\\\/\\\/stimpunks.org\\\/sv\\\/faltguide\\\/#breadcrumb\"},\"inLanguage\":\"sv-SE\",\"potentialAction\":[{\"@type\":\"ReadAction\",\"target\":[\"https:\\\/\\\/stimpunks.org\\\/sv\\\/faltguide\\\/\"]}]},{\"@type\":\"ImageObject\",\"inLanguage\":\"sv-SE\",\"@id\":\"https:\\\/\\\/stimpunks.org\\\/sv\\\/faltguide\\\/#primaryimage\",\"url\":\"https:\\\/\\\/stimpunks.org\\\/wp-content\\\/uploads\\\/2022\\\/09\\\/cHJpdmF0ZS9sci9pbWFnZXMvd2Vic2l0ZS8yMDIzLTAzL2NsZTE5NjQtLTQwLS05My0tYi1pbWFnZS5qcGc.webp\",\"contentUrl\":\"https:\\\/\\\/stimpunks.org\\\/wp-content\\\/uploads\\\/2022\\\/09\\\/cHJpdmF0ZS9sci9pbWFnZXMvd2Vic2l0ZS8yMDIzLTAzL2NsZTE5NjQtLTQwLS05My0tYi1pbWFnZS5qcGc.webp\",\"width\":649,\"height\":1024,\"caption\":\"Hours Charles Noble, King Navarre by clevelandart is licensed under CC-CC0 1.0\"},{\"@type\":\"BreadcrumbList\",\"@id\":\"https:\\\/\\\/stimpunks.org\\\/sv\\\/faltguide\\\/#breadcrumb\",\"itemListElement\":[{\"@type\":\"ListItem\",\"position\":1,\"name\":\"Home\",\"item\":\"https:\\\/\\\/stimpunks.org\\\/sv\\\/\"},{\"@type\":\"ListItem\",\"position\":2,\"name\":\"F\u00e4ltguide\"}]},{\"@type\":\"WebSite\",\"@id\":\"https:\\\/\\\/stimpunks.org\\\/sv\\\/#website\",\"url\":\"https:\\\/\\\/stimpunks.org\\\/sv\\\/\",\"name\":\"Stimpunks Foundation\",\"description\":\"Mutual Aid and Human-Centered Learning for Neurodivergent and Disabled People\",\"publisher\":{\"@id\":\"https:\\\/\\\/stimpunks.org\\\/sv\\\/#organization\"},\"potentialAction\":[{\"@type\":\"SearchAction\",\"target\":{\"@type\":\"EntryPoint\",\"urlTemplate\":\"https:\\\/\\\/stimpunks.org\\\/sv\\\/?s={search_term_string}\"},\"query-input\":{\"@type\":\"PropertyValueSpecification\",\"valueRequired\":true,\"valueName\":\"search_term_string\"}}],\"inLanguage\":\"sv-SE\"},{\"@type\":[\"Organization\",\"Place\"],\"@id\":\"https:\\\/\\\/stimpunks.org\\\/sv\\\/#organization\",\"name\":\"Stimpunks Foundation\",\"alternateName\":\"Stimpunks\",\"url\":\"https:\\\/\\\/stimpunks.org\\\/sv\\\/\",\"logo\":{\"@id\":\"https:\\\/\\\/stimpunks.org\\\/sv\\\/faltguide\\\/#local-main-organization-logo\"},\"image\":{\"@id\":\"https:\\\/\\\/stimpunks.org\\\/sv\\\/faltguide\\\/#local-main-organization-logo\"},\"sameAs\":[\"https:\\\/\\\/www.facebook.com\\\/stimpunksorg\",\"https:\\\/\\\/x.com\\\/stimpunks\",\"https:\\\/\\\/mastodon.online\\\/@stimpunks\",\"https:\\\/\\\/bsky.app\\\/profile\\\/stimpunks.org\"],\"description\":\"We exist for the direct support and mutual aid of neurodivergent and disabled people. Stimpunks is created by and for\u00a0neurodivergent\u00a0and\u00a0disabled\u00a0people. We provide\u00a0mutual aid,\u00a0creator grants, learning opportunities, human-centered research, and living wages for our\u00a0community.\u00a0We presume competence, and we believe in\u00a0self-determination.\",\"legalName\":\"Stimpunks Foundation\",\"foundingDate\":\"2021-12-14\",\"numberOfEmployees\":{\"@type\":\"QuantitativeValue\",\"value\":\"2\"},\"telephone\":[\"\u202a512-256-6477\u202c\"],\"openingHoursSpecification\":[{\"@type\":\"OpeningHoursSpecification\",\"dayOfWeek\":[\"Monday\",\"Tuesday\",\"Wednesday\",\"Thursday\",\"Friday\",\"Saturday\",\"Sunday\"],\"opens\":\"09:00\",\"closes\":\"17:00\"}],\"email\":\"stimpunks@stimpunks.org\",\"taxID\":\"87-4010796\"},{\"@type\":\"ImageObject\",\"inLanguage\":\"sv-SE\",\"@id\":\"https:\\\/\\\/stimpunks.org\\\/sv\\\/faltguide\\\/#local-main-organization-logo\",\"url\":\"https:\\\/\\\/stimpunks.org\\\/wp-content\\\/uploads\\\/2022\\\/01\\\/stimpunks-logo.png\",\"contentUrl\":\"https:\\\/\\\/stimpunks.org\\\/wp-content\\\/uploads\\\/2022\\\/01\\\/stimpunks-logo.png\",\"width\":1000,\"height\":608,\"caption\":\"Stimpunks Foundation\"}]}<\/script>\n<meta name=\"geo.region\" content=\"F\u00f6renta Staterna (US)\" \/>\n<!-- \/ Yoast SEO Premium plugin. -->","yoast_head_json":{"title":"F\u00e4ltguide - Stimpunks Foundation","robots":{"index":"index","follow":"follow","max-snippet":"max-snippet:-1","max-image-preview":"max-image-preview:large","max-video-preview":"max-video-preview:-1"},"canonical":"https:\/\/stimpunks.org\/sv\/faltguide\/","og_locale":"sv_SE","og_type":"article","og_title":"F\u00e4ltguide","og_description":"Stimpunks Field Guide: En b\u00e4rbar kompendium av Coping och samarbete, kortfattat \u00f6verv\u00e4gt, f\u00f6r att p\u00e5 ett h\u00e5llbart s\u00e4tt \u00f6verleva p\u00e5 m\u00e4nsklig skala genom samarbetsbaserat nischbyggande i kanterna. H\u00e4r finns n\u00e5gra guider till livet p\u00e5 Stimpunks, m\u00e5nga i form av checklistor. Orientering av Att komma ig\u00e5ng och ta sig runt. Kommunikation Kommunikation \u00e4r syre. IT Den [&hellip;]","og_url":"https:\/\/stimpunks.org\/sv\/faltguide\/","og_site_name":"Stimpunks Foundation","article_publisher":"https:\/\/www.facebook.com\/stimpunksorg","article_modified_time":"2023-04-03T15:08:25+00:00","og_image":[{"url":"https:\/\/stimpunks.org\/wp-content\/uploads\/2023\/01\/ryanboren_book_of_spells_from_the_discworld_library_ac3e6358-0cdb-41b0-9645-a1cdc5a19c7d.png","type":"","width":"","height":""}],"twitter_card":"summary_large_image","twitter_site":"@stimpunks","twitter_misc":{"Ber\u00e4knad l\u00e4stid":"1 minut"},"schema":{"@context":"https:\/\/schema.org","@graph":[{"@type":"WebPage","@id":"https:\/\/stimpunks.org\/sv\/faltguide\/","url":"https:\/\/stimpunks.org\/sv\/faltguide\/","name":"F\u00e4ltguide - Stimpunks Foundation","isPartOf":{"@id":"https:\/\/stimpunks.org\/sv\/#website"},"primaryImageOfPage":{"@id":"https:\/\/stimpunks.org\/sv\/faltguide\/#primaryimage"},"image":{"@id":"https:\/\/stimpunks.org\/sv\/faltguide\/#primaryimage"},"thumbnailUrl":"https:\/\/stimpunks.org\/wp-content\/uploads\/2022\/09\/cHJpdmF0ZS9sci9pbWFnZXMvd2Vic2l0ZS8yMDIzLTAzL2NsZTE5NjQtLTQwLS05My0tYi1pbWFnZS5qcGc.webp","datePublished":"2022-09-07T14:56:09+00:00","dateModified":"2023-04-03T15:08:25+00:00","breadcrumb":{"@id":"https:\/\/stimpunks.org\/sv\/faltguide\/#breadcrumb"},"inLanguage":"sv-SE","potentialAction":[{"@type":"ReadAction","target":["https:\/\/stimpunks.org\/sv\/faltguide\/"]}]},{"@type":"ImageObject","inLanguage":"sv-SE","@id":"https:\/\/stimpunks.org\/sv\/faltguide\/#primaryimage","url":"https:\/\/stimpunks.org\/wp-content\/uploads\/2022\/09\/cHJpdmF0ZS9sci9pbWFnZXMvd2Vic2l0ZS8yMDIzLTAzL2NsZTE5NjQtLTQwLS05My0tYi1pbWFnZS5qcGc.webp","contentUrl":"https:\/\/stimpunks.org\/wp-content\/uploads\/2022\/09\/cHJpdmF0ZS9sci9pbWFnZXMvd2Vic2l0ZS8yMDIzLTAzL2NsZTE5NjQtLTQwLS05My0tYi1pbWFnZS5qcGc.webp","width":649,"height":1024,"caption":"Hours Charles Noble, King Navarre by clevelandart is licensed under CC-CC0 1.0"},{"@type":"BreadcrumbList","@id":"https:\/\/stimpunks.org\/sv\/faltguide\/#breadcrumb","itemListElement":[{"@type":"ListItem","position":1,"name":"Home","item":"https:\/\/stimpunks.org\/sv\/"},{"@type":"ListItem","position":2,"name":"F\u00e4ltguide"}]},{"@type":"WebSite","@id":"https:\/\/stimpunks.org\/sv\/#website","url":"https:\/\/stimpunks.org\/sv\/","name":"Stimpunks Foundation","description":"Mutual Aid and Human-Centered Learning for Neurodivergent and Disabled People","publisher":{"@id":"https:\/\/stimpunks.org\/sv\/#organization"},"potentialAction":[{"@type":"SearchAction","target":{"@type":"EntryPoint","urlTemplate":"https:\/\/stimpunks.org\/sv\/?s={search_term_string}"},"query-input":{"@type":"PropertyValueSpecification","valueRequired":true,"valueName":"search_term_string"}}],"inLanguage":"sv-SE"},{"@type":["Organization","Place"],"@id":"https:\/\/stimpunks.org\/sv\/#organization","name":"Stimpunks Foundation","alternateName":"Stimpunks","url":"https:\/\/stimpunks.org\/sv\/","logo":{"@id":"https:\/\/stimpunks.org\/sv\/faltguide\/#local-main-organization-logo"},"image":{"@id":"https:\/\/stimpunks.org\/sv\/faltguide\/#local-main-organization-logo"},"sameAs":["https:\/\/www.facebook.com\/stimpunksorg","https:\/\/x.com\/stimpunks","https:\/\/mastodon.online\/@stimpunks","https:\/\/bsky.app\/profile\/stimpunks.org"],"description":"We exist for the direct support and mutual aid of neurodivergent and disabled people. Stimpunks is created by and for\u00a0neurodivergent\u00a0and\u00a0disabled\u00a0people. We provide\u00a0mutual aid,\u00a0creator grants, learning opportunities, human-centered research, and living wages for our\u00a0community.\u00a0We presume competence, and we believe in\u00a0self-determination.","legalName":"Stimpunks Foundation","foundingDate":"2021-12-14","numberOfEmployees":{"@type":"QuantitativeValue","value":"2"},"telephone":["\u202a512-256-6477\u202c"],"openingHoursSpecification":[{"@type":"OpeningHoursSpecification","dayOfWeek":["Monday","Tuesday","Wednesday","Thursday","Friday","Saturday","Sunday"],"opens":"09:00","closes":"17:00"}],"email":"stimpunks@stimpunks.org","taxID":"87-4010796"},{"@type":"ImageObject","inLanguage":"sv-SE","@id":"https:\/\/stimpunks.org\/sv\/faltguide\/#local-main-organization-logo","url":"https:\/\/stimpunks.org\/wp-content\/uploads\/2022\/01\/stimpunks-logo.png","contentUrl":"https:\/\/stimpunks.org\/wp-content\/uploads\/2022\/01\/stimpunks-logo.png","width":1000,"height":608,"caption":"Stimpunks Foundation"}]},"geo.region":"F\u00f6renta Staterna (US)"},"campaignId":"","jetpack_likes_enabled":true,"jetpack_shortlink":"https:\/\/wp.me\/PdAkiH-ccV","jetpack_sharing_enabled":true,"_links":{"self":[{"href":"https:\/\/stimpunks.org\/sv\/wp-json\/wp\/v2\/pages\/46929","targetHints":{"allow":["GET"]}}],"collection":[{"href":"https:\/\/stimpunks.org\/sv\/wp-json\/wp\/v2\/pages"}],"about":[{"href":"https:\/\/stimpunks.org\/sv\/wp-json\/wp\/v2\/types\/page"}],"author":[{"embeddable":true,"href":"https:\/\/stimpunks.org\/sv\/wp-json\/wp\/v2\/users\/79"}],"replies":[{"embeddable":true,"href":"https:\/\/stimpunks.org\/sv\/wp-json\/wp\/v2\/comments?post=46929"}],"version-history":[{"count":1,"href":"https:\/\/stimpunks.org\/sv\/wp-json\/wp\/v2\/pages\/46929\/revisions"}],"predecessor-version":[{"id":46931,"href":"https:\/\/stimpunks.org\/sv\/wp-json\/wp\/v2\/pages\/46929\/revisions\/46931"}],"wp:featuredmedia":[{"embeddable":true,"href":"https:\/\/stimpunks.org\/sv\/wp-json\/wp\/v2\/media\/101862"}],"wp:attachment":[{"href":"https:\/\/stimpunks.org\/sv\/wp-json\/wp\/v2\/media?parent=46929"}],"curies":[{"name":"wp","href":"https:\/\/api.w.org\/{rel}","templated":true}]}}